{"id":24,"date":"2025-03-25T09:46:30","date_gmt":"2025-03-25T09:46:30","guid":{"rendered":"https:\/\/rin.si\/?page_id=24"},"modified":"2025-04-22T11:12:25","modified_gmt":"2025-04-22T11:12:25","slug":"katarina","status":"publish","type":"page","link":"https:\/\/rin.si\/index.php\/katarina\/","title":{"rendered":"KataRINa"},"content":{"rendered":"\n<h1 class=\"wp-block-heading\">KataRINa<\/h1>\n\n\n\n<h2 class=\"wp-block-heading\">Opis projekta<\/h2>\n\n\n\n<p>Digitalizacija je tu in povsod, pa \u010de \u017eelimo ali ne. Posledi\u010dno je za uspe\u0161no in polno \u017eivljenje pomembno znanje, ki nam omogo\u010da obvladovanje digitalne tehnologije. Ta korpus znanja predstavlja znanstvena veda ra\u010dunalni\u0161tvo in informatika (RIN, angl. Computer Science ali Computing). Ve\u010dji del dr\u017eav EU se tega zaveda in je \u017ee uvedel v svoje osnovno in srednje\u0161olsko izobra\u017eevanje predmet RIN, ki u\u010dencem prina\u0161a omenjeni korpus znanja \u2013 temeljna znanja RIN.<\/p>\n\n\n\n<p>Mednarodne in doma\u010de analize nedvomno ka\u017eejo, da je v slovenskem prostoru izrazit sistemski manjko teh znanj med mladimi. Namen projekta je oblikovati eksperimentalni na\u010drt uvajanja, implementacije in evalvacije temeljnih vsebin RIN v inovativnih oddelkih srednjih \u0161ol. Pri tem bomo uporabili \u017ee obstoje\u010da sredstva, ki jih bomo \u0161e nadgradili. Vsebinsko osnovo bo po eni strani predstavljal kurikularni okvir RIN, ki ga he definirala skupina RINOS in po drugi strani obstoje\u010di spletni u\u010dbenik Informatika. Da bomo zagotovili zdr\u017enost projekta bomo v izvedbi uporabili obstoje\u010do skupnost u\u010diteljev (angl. Community of Practice) NAPOJ.<\/p>\n\n\n\n<p>V okviru projekta bomo dosegli naslednje rezultate:<\/p>\n\n\n\n<ul class=\"wp-block-list\">\n<li>Popis in posnetek obstoje\u010dega stanja na VIZ na podro\u010dju RIN, identifikacija potreb na podro\u010dju RIN ter oblikovanje vsebinskih izhodi\u0161\u010d izvedbenega na\u010drta uvajanja temeljnih vsebin RIN.<\/li>\n\n\n\n<li>Razvoj, implementacija in evalvacija vzor\u010dnih u\u010dnih scenarijev, ki se bodo nana\u0161ali na uvajanje temeljnih vsebin RIN v srednjo \u0161olo upo\u0161tevaje trenutni neobstoj predmeta RIN v osnovni \u0161oli.<\/li>\n\n\n\n<li>Priprava Kataloga temeljnih znanj RIN, ki bo na osnovi \u017ee obstoje\u010dih doma\u010dih in tujih dokumentov pomenil nadgradnjo t. i. kurikularnega okvira za opredelitev temeljnih in minimalnih vsebin RIN, standardov znanj in kriterijev za vrednotenje napredka u\u010de\u010dih se.<\/li>\n\n\n\n<li>Vzpostavljena u\u010de\u010da se skupnost, ki bo imela klju\u010dno vlogo na nacionalni ravni, saj bodo gradiva in izku\u0161nje u\u010diteljev pri implementaciji na voljo vsem \u010dlanom u\u010de\u010de se skupnosti.<\/li>\n\n\n\n<li>Diseminacija in promocija uvajanja temeljnih vsebin RIN v o\u017ejem in \u0161ir\u0161em vzgojno &#8211; izobra\u017eevalnem prostoru pri nas in v tujini in oblikovanje pozitivnih stali\u0161\u010d do uvajanja temeljnih vsebin RIN kot medpredmetne in samostojne obvezne vsebine vrt\u010devskih dejavnosti oz. u\u010dnih aktivnosti v VIZ.<\/li>\n<\/ul>\n\n\n\n<p><\/p>\n\n\n\n<p>Projekt bo pomenil eksperimentalno in sistemsko oblikovanje podpornih okolij za vklju\u010devanje temeljnih vsebin RIN ter mehanizme izmenjave izku\u0161enj in dobrih praks, ki bodo doprinesle k smernicam razvoja in vklju\u010devanja temeljnih vsebin RIN v srednje \u0161ole.<\/p>\n\n\n\n<h2 class=\"wp-block-heading\">Podatki o projektu<\/h2>\n\n\n\n<p>Financer: Ministrstvo za vzgojo in izobra\u017eevanje ter Evropska unija \u2013 NextGenerationEU prek nacionalnega Na\u010drta za okrevanje in odpornost<\/p>\n\n\n\n<p>Vrednost: 900.000,00 \u20ac<\/p>\n\n\n\n<p>Trajanje: 1. 9. 2023 \u2013 30. 6. 2026<\/p>\n","protected":false},"excerpt":{"rendered":"<p>KataRINa Opis projekta Digitalizacija je tu in povsod, pa \u010de \u017eelimo ali ne. Posledi\u010dno je za uspe\u0161no in polno \u017eivljenje pomembno znanje, ki nam omogo\u010da obvladovanje digitalne tehnologije. Ta korpus znanja predstavlja znanstvena veda ra\u010dunalni\u0161tvo in informatika (RIN, angl. Computer Science ali Computing). Ve\u010dji del dr\u017eav EU se tega zaveda in je \u017ee uvedel v [&hellip;]<\/p>\n","protected":false},"author":1,"featured_media":0,"parent":0,"menu_order":0,"comment_status":"closed","ping_status":"closed","template":"","meta":{"footnotes":""},"class_list":["post-24","page","type-page","status-publish","hentry"],"_links":{"self":[{"href":"https:\/\/rin.si\/index.php\/wp-json\/wp\/v2\/pages\/24","targetHints":{"allow":["GET"]}}],"collection":[{"href":"https:\/\/rin.si\/index.php\/wp-json\/wp\/v2\/pages"}],"about":[{"href":"https:\/\/rin.si\/index.php\/wp-json\/wp\/v2\/types\/page"}],"author":[{"embeddable":true,"href":"https:\/\/rin.si\/index.php\/wp-json\/wp\/v2\/users\/1"}],"replies":[{"embeddable":true,"href":"https:\/\/rin.si\/index.php\/wp-json\/wp\/v2\/comments?post=24"}],"version-history":[{"count":7,"href":"https:\/\/rin.si\/index.php\/wp-json\/wp\/v2\/pages\/24\/revisions"}],"predecessor-version":[{"id":78,"href":"https:\/\/rin.si\/index.php\/wp-json\/wp\/v2\/pages\/24\/revisions\/78"}],"wp:attachment":[{"href":"https:\/\/rin.si\/index.php\/wp-json\/wp\/v2\/media?parent=24"}],"curies":[{"name":"wp","href":"https:\/\/api.w.org\/{rel}","templated":true}]}}