{"id":71,"date":"2025-03-25T11:09:10","date_gmt":"2025-03-25T11:09:10","guid":{"rendered":"https:\/\/rin.si\/?page_id=71"},"modified":"2025-04-22T18:22:37","modified_gmt":"2025-04-22T18:22:37","slug":"b-rin","status":"publish","type":"page","link":"https:\/\/rin.si\/index.php\/b-rin\/","title":{"rendered":"B-RIN"},"content":{"rendered":"\n<h1 class=\"wp-block-heading\">B-RIN<\/h1>\n\n\n\n<h2 class=\"wp-block-heading\">Opis projekta<\/h2>\n\n\n\n<p><strong>Trajanje projekta:<\/strong>&nbsp;01.09.2023 \u2013&nbsp;30.06.2026<\/p>\n\n\n\n<p><strong>Vrednost projekta:<\/strong>&nbsp;900.000,00 EUR<\/p>\n\n\n\n<p><strong>Financer:<\/strong>&nbsp;Ministrstvo za vzgojo in izobra\u017eevanje ter Evropska unija \u2013 NextGenerationEU prek nacionalnega Na\u010drta za okrevanje in odpornost (ve\u010d o NOO na <a href=\"http:\/\/noo.gov.si\/\" data-type=\"link\" data-id=\"http:\/\/noo.gov.si\/\">noo.gov.si<\/a>)<\/p>\n\n\n\n<p><strong>Nosilna organizacija:<\/strong>&nbsp;Univerza na Primorskem<\/p>\n\n\n\n<p><strong>Sodelujo\u010de organizacije:<\/strong> <a href=\"https:\/\/www.v-mavrica.si\/\" data-type=\"link\" data-id=\"https:\/\/www.v-mavrica.si\/\">Vrtec Mavrica Bre\u017eice<\/a>, <a href=\"https:\/\/vrtec-jelka.si\/\" data-type=\"link\" data-id=\"https:\/\/vrtec-jelka.si\/\">Vrtec Jelka<\/a>, <a href=\"https:\/\/www.vrteckoper.si\/\" data-type=\"link\" data-id=\"https:\/\/www.vrteckoper.si\/\">Javni vzgojno-izobra\u017eevalni zavod Vrtec Koper<\/a>, <a href=\"https:\/\/osv-ankaran.si\/sola#\" data-type=\"link\" data-id=\"https:\/\/osv-ankaran.si\/sola#\">O\u0160 in vrtec Ankaran<\/a>, <a href=\"https:\/\/vrtec.sola-solkan.si\/projekti\/\" data-type=\"link\" data-id=\"https:\/\/vrtec.sola-solkan.si\/projekti\/\">O\u0160 Solkan in vrtec Solkan<\/a>, <a href=\"https:\/\/www.oshjh-staritrg.si\/\" data-type=\"link\" data-id=\"https:\/\/www.oshjh-staritrg.si\/\">O\u0160 heroja Janeza Hribarja Stari trg pri Lo\u017eu in Vrtec Polhek<\/a>, <a href=\"https:\/\/www.os-franaerjavca.si\/\" data-type=\"link\" data-id=\"https:\/\/www.os-franaerjavca.si\/\">O\u0160 Frana Erjavca Nova Gorica<\/a>, <a href=\"https:\/\/www.osgornjigrad.si\/\" data-type=\"link\" data-id=\"https:\/\/www.osgornjigrad.si\/\">O\u0160 Frana Kocbeka Gornji Grad<\/a>, <a href=\"https:\/\/www.sola-skofije.si\/\" data-type=\"link\" data-id=\"https:\/\/www.sola-skofije.si\/\">O\u0160 Oskarja Kova\u010di\u010da \u0160kofije<\/a>, <a href=\"https:\/\/www.osvsmuc.si\/\" data-type=\"link\" data-id=\"https:\/\/www.osvsmuc.si\/\">O\u0160 Vojke \u0160muc Izola<\/a><\/p>\n\n\n\n<p><strong>Vodja projekta:<\/strong>&nbsp;dr. Sonja \u010cotar Konrad<\/p>\n\n\n\n<p><strong>Sodelujo\u010di<\/strong>: dr. Maja Lebeni\u010dnik, dr. Andreja Klan\u010dar, dr. Rok Po\u017ear, dr. NIno Ba\u0161i\u0107, dr. Bla\u017e Sim\u010di\u010d, Matija Jenko mag. raz. pouka, dr. Mirko Prosen, dr. Sabina Li\u010den.<\/p>\n\n\n\n<p><strong>Povzetek:<\/strong><\/p>\n\n\n\n<p>Namen projekta B-RIN je oblikovati eksperimentalni na\u010drt uvajanja, implementacije in evalvacije temeljnih vsebin RIN v inovativnih skupinah vrtcev in oddelkih osnovnih \u0161ol do 5.razreda.<\/p>\n\n\n\n<p>V okviru projekta bodo konzorcijski partnerji razvili in preizkusili na\u010dine uvajanja temeljnih vsebin RIN  v i.) pred\u0161olsko vzgojo in izobra\u017eevanje, ii.) na prehodu med pred\u0161olsko vzgojo in izobra\u017eevanjem ter vstopom v O\u0160 ter iii.) za u\u010dence v osnovni \u0161oli od 1.  do vklju\u010dno 5. razreda O\u0160. <\/p>\n\n\n\n<p>V okviru slednjega smo vsebinskim ciljem ustrezno prilagodili izbor in dinamiko vklju\u010devanja inovativnih skupin\/oddelkov. V specifi\u010dnem kontekstu razvojno-psiholo\u0161kih obdobij u\u010de\u010dih se\u00a0\u2013 natan\u010dneje zgodnjega, srednjega in za\u010detka poznega otro\u0161tva \u2013 bomo dali poseben poudarek prilagajanju didakti\u010dnih strategij pou\u010devanja temeljnih vsebin RIN zna\u010dilnostim u\u010denja u\u010de\u010dih se.<\/p>\n\n\n\n<p>V okviru projekta bomo dosegli naslednje <strong>rezultate<\/strong>:<\/p>\n\n\n\n<ul class=\"wp-block-list\">\n<li>popis in posnetek obstoje\u010dega stanja na VIZ na podro\u010dju RIN, opredelitev potreb na podro\u010dju RIN in oblikovanje vsebinskih izhodi\u0161\u010d izvedbenega na\u010drta uvajanja temeljnih vsebin RIN,<\/li>\n\n\n\n<li>razvoj, izvedba in evalvacija vzor\u010dnih u\u010dnih scenarijev, ki se bodo nana\u0161ali na uvajanje temeljnih vsebin RIN v pred\u0161olsko vzgojo in izobra\u017eevanje ter v osnovno \u0161olo do vklju\u010dno 5. razreda,<\/li>\n\n\n\n<li>priprava Kataloga temeljnih znanj RIN, ki bo na osnovi \u017ee obstoje\u010dih doma\u010dih in tujih dokumentov pomenil nadgradnjo t. i. kurikularnega okvira za opredelitev temeljnih in minimalnih vsebin RIN, standardov znanj in kriterijev za vrednotenje napredka u\u010de\u010dih se,<\/li>\n\n\n\n<li>vzpostavljena u\u010de\u010da se skupnost, ki bo imela klju\u010dno vlogo na nacionalni ravni, saj bodo gradiva in izku\u0161nje u\u010diteljev pri izvedbi na voljo vsem \u010dlanom u\u010de\u010de se skupnosti,<\/li>\n\n\n\n<li>diseminacija in promocija uvajanja temeljnih vsebin RIN v o\u017ejem in \u0161ir\u0161em vzgojno-izobra\u017eevalnem prostoru pri nas in v tujini ter oblikovanje pozitivnih stali\u0161\u010d do uvajanja temeljnih vsebin RIN kot medpredmetne in samostojne obvezne vsebine vrt\u010devskih dejavnosti oz. u\u010dnih aktivnosti v VIZ.<\/li>\n<\/ul>\n\n\n\n<p><\/p>\n\n\n\n<p>Projekt bo pomenil eksperimentalno in sistemsko oblikovanje podpornih okolij za vklju\u010devanje temeljnih vsebin RIN ter mehanizme izmenjave izku\u0161enj in dobrih praks, ki bodo doprinesle k smernicam razvoja in vklju\u010devanja temeljnih vsebin RIN v vrtce in osnovne \u0161ole do 5. razreda.<\/p>\n\n\n\n<p><a href=\"https:\/\/www.gov.si\/zbirke\/projekti-in-programi\/nacrt-za-okrevanje-in-odpornost\">Povezava na spletno mesto noo.gov.si<\/a><\/p>\n","protected":false},"excerpt":{"rendered":"<p>B-RIN Opis projekta Trajanje projekta:&nbsp;01.09.2023 \u2013&nbsp;30.06.2026 Vrednost projekta:&nbsp;900.000,00 EUR Financer:&nbsp;Ministrstvo za vzgojo in izobra\u017eevanje ter Evropska unija \u2013 NextGenerationEU prek nacionalnega Na\u010drta za okrevanje in odpornost (ve\u010d o NOO na noo.gov.si) Nosilna organizacija:&nbsp;Univerza na Primorskem Sodelujo\u010de organizacije: Vrtec Mavrica Bre\u017eice, Vrtec Jelka, Javni vzgojno-izobra\u017eevalni zavod Vrtec Koper, O\u0160 in vrtec Ankaran, O\u0160 Solkan in vrtec [&hellip;]<\/p>\n","protected":false},"author":1,"featured_media":0,"parent":0,"menu_order":0,"comment_status":"closed","ping_status":"closed","template":"","meta":{"footnotes":""},"class_list":["post-71","page","type-page","status-publish","hentry"],"_links":{"self":[{"href":"https:\/\/rin.si\/index.php\/wp-json\/wp\/v2\/pages\/71","targetHints":{"allow":["GET"]}}],"collection":[{"href":"https:\/\/rin.si\/index.php\/wp-json\/wp\/v2\/pages"}],"about":[{"href":"https:\/\/rin.si\/index.php\/wp-json\/wp\/v2\/types\/page"}],"author":[{"embeddable":true,"href":"https:\/\/rin.si\/index.php\/wp-json\/wp\/v2\/users\/1"}],"replies":[{"embeddable":true,"href":"https:\/\/rin.si\/index.php\/wp-json\/wp\/v2\/comments?post=71"}],"version-history":[{"count":11,"href":"https:\/\/rin.si\/index.php\/wp-json\/wp\/v2\/pages\/71\/revisions"}],"predecessor-version":[{"id":100,"href":"https:\/\/rin.si\/index.php\/wp-json\/wp\/v2\/pages\/71\/revisions\/100"}],"wp:attachment":[{"href":"https:\/\/rin.si\/index.php\/wp-json\/wp\/v2\/media?parent=71"}],"curies":[{"name":"wp","href":"https:\/\/api.w.org\/{rel}","templated":true}]}}